{"id":101,"date":"2014-04-30T18:56:15","date_gmt":"2014-04-30T17:56:15","guid":{"rendered":"http:\/\/ema.recherche.usherbrooke.ca\/?page_id=101"},"modified":"2015-05-04T13:29:33","modified_gmt":"2015-05-04T12:29:33","slug":"le-developpement-durable","status":"publish","type":"page","link":"https:\/\/ema.recherche.usherbrooke.ca\/?page_id=101","title":{"rendered":"Le d\u00e9veloppement durable"},"content":{"rendered":"<p>[toc]<\/p>\n<h1>D\u00e9finition<\/h1>\n<p style=\"text-align: justify;\">Le d\u00e9veloppement durable est un d\u00e9veloppement qui r\u00e9pond aux besoins du pr\u00e9sent sans compromettre la capacit\u00e9 des g\u00e9n\u00e9rations futures de r\u00e9pondre aux leurs. [<i>Notre avenir \u00e0 tous, rapport Brundtland, CNU, 1987]<\/i>.\u00a0\u00a0Cette vision \u00e0 long terme prend en compte les aspects \u00e9conomiques, environnementaux\u00a0et sociaux.<\/p>\n<div id=\"attachment_284\" style=\"width: 310px\" class=\"wp-caption aligncenter\"><a href=\"https:\/\/ema.recherche.usherbrooke.ca\/wp-content\/uploads\/2014\/04\/420PX-1.png\"><img loading=\"lazy\" decoding=\"async\" aria-describedby=\"caption-attachment-284\" class=\"wp-image-284 size-medium\" src=\"https:\/\/ema.recherche.usherbrooke.ca\/wp-content\/uploads\/2014\/04\/420PX-1-300x285.png\" alt=\"Dev_durable\" width=\"300\" height=\"285\" srcset=\"https:\/\/ema.recherche.usherbrooke.ca\/wp-content\/uploads\/2014\/04\/420PX-1-300x285.png 300w, https:\/\/ema.recherche.usherbrooke.ca\/wp-content\/uploads\/2014\/04\/420PX-1.png 420w\" sizes=\"auto, (max-width: 300px) 100vw, 300px\" \/><\/a><p id=\"caption-attachment-284\" class=\"wp-caption-text\">Figure 1 : Les trois piliers du d\u00e9veloppement durable<\/p><\/div>\n<h1>L&rsquo;\u00e9coconception<\/h1>\n<p style=\"text-align: justify;\">Industrie Canada d\u00e9finit l&rsquo;\u00e9coconception comme \u00e9tant la conception de produit int\u00e9grant le principe du d\u00e9veloppement durable sur le cycle de vie au complet (de la mati\u00e8re premi\u00e8re, \u00e0 la fin de vie en passant par la fabrication, la logistique, la distribution et l&rsquo;usage).\u00a0 Le processus peut, par exemple, pr\u00e9voir\u00a0la conception de produits \u00e0 base de mat\u00e9riaux\u00a0qui utilisent moins de ressources et\/ou\u00a0recyclable et\/ou recycl\u00e9. Ou encore, il peut porter sur la conception de produits plus faciles \u00e0 recycler, \u00e0 r\u00e9utiliser ou \u00e0 valoriser pour\u00a0dans le but de favoriser l&rsquo;\u00e9conomie locale. Ainsi il vise \u00e0 mettre en place une \u00e9conomie circulaire.<\/p>\n<p style=\"text-align: justify;\">Cependant, la pr\u00e9occupation principale des entreprises est la rentabilit\u00e9. C&rsquo;est pourquoi, l&rsquo;\u00e9coconception\u00a0suscite encore du scepticisme. Une mesure reliant\u00a0la performance \u00e9conomique \u00e0 la performance environnementale est introduite\u00a0: l&rsquo;\u00e9co-efficacit\u00e9. Le World Business Council for Sustainable Development (WBCSD, Conseil mondial des affaires pour le d\u00e9veloppement durable), propose la d\u00e9finition suivante de l\u2019\u00e9co-efficacit\u00e9\u00a0: \u00ab\u00a0<i>L&rsquo;\u00c9co-efficacit\u00e9 consiste \u00e0 offrir des biens et des services \u00e0 des prix comp\u00e9titifs qui r\u00e9pondent aux besoins des hommes et leur apportent une qualit\u00e9 de vie, tout en r\u00e9duisant progressivement les impacts environnementaux et la quantit\u00e9 des ressources naturelles n\u00e9cessaires tout au long du cycle de vie des produits pour atteindre finalement un niveau qui soit en harmonie avec ce que peut supporter durablement la plan\u00e8te<\/i> \u00ab\u00a0.<\/p>\n<p>Toujours selon WBCSD, les aspects principaux de l&rsquo;\u00e9co-efficacit\u00e9 sont :<\/p>\n<ul>\n<li>R\u00e9duire la quantit\u00e9 de mati\u00e8re n\u00e9cessaire \u00e0 production des biens et des services;<\/li>\n<li>R\u00e9duire la quantit\u00e9 d&rsquo;\u00e9nergie n\u00e9cessaire \u00e0 production des biens et des services;<\/li>\n<li>R\u00e9duire la dispersion des mati\u00e8res toxiques;<\/li>\n<li>Augmenter la <span class=\"hps\">recyclabilit\u00e9;<\/span><\/li>\n<li>Utiliser un maximum de ressources renouvelables;<\/li>\n<li>Augmenter la durabilit\u00e9 des produits;<\/li>\n<li><span class=\"hps\">Augmenter l&rsquo;intensit\u00e9<\/span> <span class=\"hps\">de service<\/span> <span class=\"hps\">de biens et de<\/span> <span class=\"hps\">services<\/span>.<\/li>\n<\/ul>\n<h1>Politique du Canada et du Qu\u00e9bec<\/h1>\n<p>Quelques liens int\u00e9ressants :<\/p>\n<ul>\n<li>Industrie Canada \u00ab\u00a0L&rsquo;\u00e9coconception, innover pour demeurer comp\u00e9titif\u00a0\u00bb <a href=\"https:\/\/www.ic.gc.ca\/eic\/site\/dsib-dsib.nsf\/vwapj\/oq00010_fra.pdf\/$file\/oq00010_fra.pdf\" target=\"_blank\">ICI<\/a><\/li>\n<li>Industrie Canada \u00ab\u00a0D\u00e9veloppement Durable\u00a0\u00bb <a href=\"https:\/\/www.ic.gc.ca\/eic\/site\/sd-dd.nsf\/fra\/accueil\" target=\"_blank\">ICI<\/a><\/li>\n<li>Environnement Canada \u00ab\u00a0D\u00e9veloppement Durable <a href=\"https:\/\/ec.gc.ca\/dd-sd\/default.asp?lang=Fr&amp;n=C2844D2D-1\" target=\"_blank\">ICI<\/a><\/li>\n<li>Minist\u00e8re de l&rsquo;\u00c9conomie, de l&rsquo;Innovation et des Exportations du Qu\u00e9bec \u00ab\u00a0D\u00e9veloppement Durable\u00a0\u00bb <a href=\"http:\/\/www.economie.gouv.qc.ca\/objectifs\/ameliorer\/developpement-durable\/\" target=\"_blank\">ICI<\/a><\/li>\n<li>Centre de recherche industrielle du Qu\u00e9bec\u00a0(CRIQ) \u00ab\u00a0D\u00e9veloppement Durable\u00a0\u00bb <a href=\"http:\/\/www.criq.qc.ca\/fr\/le-criq-en-bref\/developpement-durable.html\" target=\"_blank\">ICI<\/a><\/li>\n<li>Gouvernement du Qu\u00e9bec : banque d&rsquo;outils\u00a0sur le\u00a0d\u00e9veloppement durable (fiches d&rsquo;information, analyse du cycle de vie, calculateur rejet de CO2, etc.) <a href=\"http:\/\/www2.gouv.qc.ca\/entreprises\/portail\/quebec\/developpementDurable?lang=fr&amp;d=developpementDurable&amp;e=4014309844&amp;outdd\" target=\"_blank\">ICI<\/a><\/li>\n<\/ul>\n<h1>Aides financi\u00e8res, certification et ressources<\/h1>\n<p>Quelques organismes qui \u00a0peuvent accompagner l&rsquo;entreprise qui souhaite amorcer une d\u00e9marche de d\u00e9veloppement durable\u00a0:<\/p>\n<ul>\n<li>les <a href=\"http:\/\/www.acldq.qc.ca\/\">centres locaux de d\u00e9veloppement (CLD)<\/a><\/li>\n<li>les <a href=\"http:\/\/www.sadc-cae.ca\/\">soci\u00e9t\u00e9s d&rsquo;aide au d\u00e9veloppement des collectivit\u00e9s (SADC)<\/a><\/li>\n<li>les centres d&rsquo;aide aux entreprises (CAE)<\/li>\n<li>CLD : liste des <a href=\"http:\/\/www.economie.gouv.qc.ca\/objectifs\/ameliorer\/developpement-durable\/page\/en-entreprise-15303\/?tx_igaffichagepages_pi1%5BbackPid%5D=38&amp;tx_igaffichagepages_pi1%5BcurrentCat%5D=&amp;tx_igaffichagepages_pi1%5BparentPid%5D=17495&amp;cHash=d4fd73707e824809dd46db49c437af91&amp;tx_igaffichagepages_pi1%5Bmode%5D=single\" target=\"_blank\">ressources d\u2019accompagnement r\u00e9gionales en d\u00e9veloppement durable (DD)<\/a><\/li>\n<li><a href=\"http:\/\/www.sadclaurentides.org\/wp-content\/uploads\/2014\/08\/Certifications-DD-Estrie.20130821.145653.0.pdf\" target=\"_blank\">Certifications courantes associ\u00e9es au D\u00e9veloppement durable &#8211; SADC de l\u2019Estrie<\/a><\/li>\n<li><a href=\"http:\/\/www.economie.gouv.qc.ca\/objectifs\/ameliorer\/developpement-durable\/page\/en-entreprise-17497\/?tx_igaffichagepages_pi1%5BbackPid%5D=38&amp;tx_igaffichagepages_pi1%5BcurrentCat%5D=&amp;cHash=2903ea5e24c031f5d5ee99ba5c9f967a&amp;tx_igaffichagepages_pi1%5Bmode%5D=single&amp;tx_igaffichagepages_pi1%5BparentPid%5D=15302\" target=\"_blank\">Gestion des parties prenantes<\/a><\/li>\n<li><a href=\"http:\/\/www.empreintecarbonequebec.org\" target=\"_blank\">Emprunte Carbone Qu\u00e9bec <\/a><\/li>\n<li><a href=\"http:\/\/www2.gouv.qc.ca\/entreprises\/portail\/quebec\/developpementDurable?lang=fr&amp;d=developpementDurable&amp;e=4014309844&amp;outdd#table_resultats_5\" target=\"_blank\">Programmes d&rsquo;aide du gouvernement du Qu\u00e9bec<\/a><\/li>\n<\/ul>\n<p>&nbsp;<\/p>\n","protected":false},"excerpt":{"rendered":"<p>[toc] D\u00e9finition Le d\u00e9veloppement durable est un d\u00e9veloppement qui r\u00e9pond aux besoins du pr\u00e9sent sans compromettre la capacit\u00e9 des g\u00e9n\u00e9rations futures de r\u00e9pondre aux leurs. [Notre avenir \u00e0 tous, rapport Brundtland, CNU, 1987].\u00a0\u00a0Cette vision \u00e0 long terme prend en compte les aspects \u00e9conomiques, environnementaux\u00a0et sociaux. L&rsquo;\u00e9coconception Industrie Canada d\u00e9finit l&rsquo;\u00e9coconception comme \u00e9tant la conception de produit int\u00e9grant le principe du d\u00e9veloppement durable sur le cycle de vie au complet (de la mati\u00e8re premi\u00e8re, \u00e0 la fin de vie en passant par la fabrication, la logistique, la distribution et l&rsquo;usage).\u00a0 Le processus peut, par exemple, pr\u00e9voir\u00a0la conception de produits \u00e0 base<\/p>\n<a class=\"more-link\" rel=\"nofollow\" href=\"https:\/\/ema.recherche.usherbrooke.ca\/?page_id=101\">[En savoir plus...]<\/a>","protected":false},"author":1,"featured_media":0,"parent":0,"menu_order":0,"comment_status":"closed","ping_status":"closed","template":"","meta":{"footnotes":""},"class_list":["post-101","page","type-page","status-publish","hentry"],"_links":{"self":[{"href":"https:\/\/ema.recherche.usherbrooke.ca\/index.php?rest_route=\/wp\/v2\/pages\/101","targetHints":{"allow":["GET"]}}],"collection":[{"href":"https:\/\/ema.recherche.usherbrooke.ca\/index.php?rest_route=\/wp\/v2\/pages"}],"about":[{"href":"https:\/\/ema.recherche.usherbrooke.ca\/index.php?rest_route=\/wp\/v2\/types\/page"}],"author":[{"embeddable":true,"href":"https:\/\/ema.recherche.usherbrooke.ca\/index.php?rest_route=\/wp\/v2\/users\/1"}],"replies":[{"embeddable":true,"href":"https:\/\/ema.recherche.usherbrooke.ca\/index.php?rest_route=%2Fwp%2Fv2%2Fcomments&post=101"}],"version-history":[{"count":22,"href":"https:\/\/ema.recherche.usherbrooke.ca\/index.php?rest_route=\/wp\/v2\/pages\/101\/revisions"}],"predecessor-version":[{"id":617,"href":"https:\/\/ema.recherche.usherbrooke.ca\/index.php?rest_route=\/wp\/v2\/pages\/101\/revisions\/617"}],"wp:attachment":[{"href":"https:\/\/ema.recherche.usherbrooke.ca\/index.php?rest_route=%2Fwp%2Fv2%2Fmedia&parent=101"}],"curies":[{"name":"wp","href":"https:\/\/api.w.org\/{rel}","templated":true}]}}