{"id":5,"date":"2014-04-29T15:48:47","date_gmt":"2014-04-29T14:48:47","guid":{"rendered":"http:\/\/ema.recherche.usherbrooke.ca\/?page_id=5"},"modified":"2019-03-04T19:59:31","modified_gmt":"2019-03-04T18:59:31","slug":"accueil","status":"publish","type":"page","link":"https:\/\/ema.recherche.usherbrooke.ca\/","title":{"rendered":"Accueil"},"content":{"rendered":"<pre>Research Gate:\u00a0<a href=\"https:\/\/www.researchgate.net\/profile\/R_Panneton\" target=\"_blank\" rel=\"noopener\">https:\/\/www.researchgate.net\/profile\/R_Panneton<\/a><\/pre>\n<h1><span style=\"color: #73a53e;\">Mission et objectifs<\/span><\/h1>\n<p>\u00c9MA est l&rsquo;\u00e9quipe des mat\u00e9riaux acoustiques\u00a0structur\u00e9s et \u00e9cologiques du Groupe d&rsquo;acoustique de l&rsquo;Universit\u00e9 de Sherbrooke (GaUS).\u00a0 Notre mission est de former des personnels de recherche hautement qualifi\u00e9s (PHQ) et d&rsquo;\u00eatre des acteurs de recherche de premier plan dans le d\u00e9veloppement de nouvelles connaissances et technologies sur les m\u00e9tamat\u00e9riaux acoustiques et sur les mat\u00e9riaux acoustiques \u00e9cologiques.\u00a0 \u00a0Notre mission vise \u00e0 avoir une incidence importante sur quatre volets: (1) la caract\u00e9risation; (2) la mod\u00e9lisation, (3) la conception et (4) l&rsquo;application, incluant le transfert technologique.<\/p>\n<p>Le volet caract\u00e9risation vise \u00e0 d\u00e9velopper de nouvelles m\u00e9thodes et technologies permettant une caract\u00e9risation fine des propri\u00e9t\u00e9s acoustiques, dynamiques, physiques et \u00e9lastiques des mat\u00e9riaux structur\u00e9s (m\u00e9tamat\u00e9riaux) et \u00e9cologiques.\u00a0 \u00a0Souvent, ces mat\u00e9riaux sont poreux, ainsi les propri\u00e9t\u00e9s physiques \u00e9tudi\u00e9es sont la porosit\u00e9 ouverte, la r\u00e9sistance statique \u00e0 l&rsquo;\u00e9coulement d&rsquo;air, la tortuosit\u00e9, les longueurs caract\u00e9ristiques visqueuse et thermique et la perm\u00e9abilit\u00e9 statique thermique.\u00a0 De m\u00eame, les propri\u00e9t\u00e9s dynamiques \u00e9tudi\u00e9es sont le masse volumique dynamique, le module de compression dynamique, l&rsquo;imp\u00e9dance acoustique caract\u00e9ristique, le nombre d&rsquo;onde et la matrice de transfert.<\/p>\n<p>Le volet mod\u00e9lisation vise principalement \u00e0 mieux comprendre le lien entre la microstructure et le macro-comportement acoustique des mat\u00e9riaux structur\u00e9s et \u00e9cologiques.\u00a0 Des mod\u00e9lisations multi-\u00e9chelles sont d\u00e9velopp\u00e9es et confront\u00e9s \u00e0 l&rsquo;exp\u00e9rimentation.\u00a0 Des techniques de microscopie (\u00b5CT, SEM, optiques) et d&rsquo;analyse d&rsquo;images sont utilis\u00e9es afin de caract\u00e9riser la microstructure et d&rsquo;en d\u00e9terminer les param\u00e8tres microstructuraux qui alimentent les mod\u00e8les multi-\u00e9chelles.\u00a0 Ces mod\u00e8les peuvent ensuite \u00eatre utilis\u00e9s pour mieux comprendre les ph\u00e9nom\u00e8nes de propagation et de dissipation des ondes sonores et \u00e9lastiques dans ces mat\u00e9riaux.\u00a0 Ils peuvent aussi \u00eatre utilis\u00e9s pour d\u00e9terminer les propri\u00e9t\u00e9s macroscopiques physiques et \u00e9lastiques de ces mat\u00e9riaux et pr\u00e9dire leurs comportements acoustiques et dynamiques.\u00a0 Enfin, ils sont utilis\u00e9s pour optimiser la microstructure dans le but d&rsquo;atteindre un maximum de dissipation acoustique.<\/p>\n<p>Le volet conception vise \u00e0 concevoir et fabriquer des prototypes de mat\u00e9riaux structur\u00e9s et \u00e9cologiques \u00e0 bas TRL (1 \u00e0 3) afin de valider leur potentiel d&rsquo;applicabilit\u00e9 et d&rsquo;industrialisation, en plus de soulever les principaux d\u00e9fis sous-jacents \u00e0 chacun.\u00a0 \u00a0Ces prototypes sont imagin\u00e9s et con\u00e7us gr\u00e2ce \u00e0 une \u00e9quipe interdisciplinaire regroupant des expertises en acoustique et mat\u00e9riau.\u00a0 En laboratoire ou\u00a0chez des partenaires industriels, la fabrication de prototypes est r\u00e9alis\u00e9e.\u00a0 Les caract\u00e9ristiques acoustiques et \u00e9lastiques de ces prototypes sont ensuite valid\u00e9es en laboratoire gr\u00e2ce \u00e0 une infrastructure unique au Canada (visiter la page du GaUS \u00e0 <a href=\"http:\/\/www.gaus.ca\">www.gaus.ca<\/a>).<\/p>\n<p>Le volet application et transfert technologique vise \u00e0 valoriser nos connaissances et notre savoir aupr\u00e8s d&rsquo;entreprises \u0153uvrant dans diff\u00e9rents secteurs.\u00a0 Nous explorons aussi les possibilit\u00e9s d&rsquo;application de nos d\u00e9veloppements sur les mat\u00e9riaux structur\u00e9s et \u00e9cologiques dans des produits existants.\u00a0 De m\u00eame, nous explorons les possibilit\u00e9s de transfert technologique de nos trouvailles, de nos mod\u00e8les et de nos technologie de caract\u00e9risation vers l&rsquo;industrie.<\/p>\n<h1><span style=\"color: #73a53e;\">Contexte \u00e0 l\u2032origine des travaux d<\/span><span style=\"color: #73a53e;\">\u2032\u00c9MA<\/span><\/h1>\n<p>Des mat\u00e9riaux poreux partout dans la nature! \u00c0 l\u2019\u00e9chelle de la longueur de Planck (10<sup>-33<\/sup>\u00a0cm), des physiciens d\u00e9crivent l\u2019espace comme une mousse quantique.\u00a0 \u00c0 l\u2019\u00e9chelle du cosmos (&gt;10<sup>26<\/sup>\u00a0cm), les galaxies se distribuent suivant la structure d\u2019une mousse cosmique.\u00a0 Plus pr\u00e8s de nous, des milieux poreux naturels se forment (nid d\u2019abeille, sol, os). Cette omnipr\u00e9sence et les propri\u00e9t\u00e9s remarquables de ces milieux ont longtemps fascin\u00e9 les ing\u00e9nieurs qui s\u2019en sont inspir\u00e9s pour cr\u00e9er des mat\u00e9riaux poreux adapt\u00e9s \u00e0 diff\u00e9rentes applications du g\u00e9nie m\u00e9canique: absorption et isolation sonores (mon cr\u00e9neau), refroidissement de composantes \u00e9lectroniques, implant et substitut osseux, structure l\u00e9g\u00e8re, absorption d\u2019impacts, \u00e9lectrode poreuse dans les piles \u00e0 combustible, filtration et purification de l\u2019eau.<\/p>\n<p>Les mat\u00e9riaux poreux structur\u00e9s par l\u2019Homme, pour faire mieux que la nature!\u00a0 En g\u00e9n\u00e9ral, la fabrication de mat\u00e9riaux poreux est bas\u00e9e sur des processus chimiques et physiques conventionnels et le mim\u00e9tisme de milieux poreux naturels.\u00a0 Hors, les limites physiques de l\u2019absorption sonore et de l\u2019isolation sonore semblent atteintes avec ces mat\u00e9riaux conventionnels.\u00a0 Pour obtenir des propri\u00e9t\u00e9s hors du commun, l\u2019Homme doit maintenant intervenir et structurer la mati\u00e8re de fa\u00e7on artificielle.\u00a0 Les physiciens nomment cette classe de mat\u00e9riaux, les m\u00e9tamat\u00e9riaux. Le pr\u00e9fixe \u00ab m\u00e9ta \u00bb vient du grec, et signifie \u00ab\u00a0au-del\u00e0\u00a0\u00bb. Ainsi, m\u00e9tamat\u00e9riau d\u00e9signe un mat\u00e9riau aux propri\u00e9t\u00e9s d\u00e9passant celles des mat\u00e9riaux usuels et naturels, lesquelles d\u00e9coulent d\u2019un arrangement naturel de la mati\u00e8re. Dans mon programme de recherche, on parle plut\u00f4t de m\u00e9tamat\u00e9riaux acoustiques.<\/p>\n<p>Les mat\u00e9riaux poreux renouvelables pour un d\u00e9veloppement durable ! Notre d\u00e9pendance aux mati\u00e8res non renouvelables est tr\u00e8s r\u00e9cente. En effet, 100 000 ans avant notre \u00e8re, l\u2019Homme \u00e9tait d\u00e9pendant \u00e0 100% de mat\u00e9riaux renouvelables. \u00c0 la r\u00e9volution industrielle, cette d\u00e9pendance a chut\u00e9 \u00e0 50%. Aujourd\u2019hui, elle est \u00e0 96%. \u00a0La population mondiale et la consommation de produits ne cessent de cro\u00eetre face \u00e0 des ressources plan\u00e9taires en quantit\u00e9 finie. Pour l\u2019acousticien, le d\u00e9veloppement durable doit \u00eatre plus qu\u2019un <em>buzzword<\/em>.\u00a0 Il doit servir \u00e0 concevoir des mat\u00e9riaux et des solutions acoustiques en respect avec la nature.\u00a0 Il faut offrir \u00e0 l\u2019industrie des mat\u00e9riaux acoustiques alternatifs efficaces et respectueux de l\u2019environnement (mat\u00e9riaux renouvelables). Ces mat\u00e9riaux renouvelables sont issus de la biomasse comme la paille, le bois et les fibres naturelles (lin, chanvre, soja).<\/p>\n","protected":false},"excerpt":{"rendered":"<p>Research Gate:\u00a0https:\/\/www.researchgate.net\/profile\/R_Panneton Mission et objectifs \u00c9MA est l&rsquo;\u00e9quipe des mat\u00e9riaux acoustiques\u00a0structur\u00e9s et \u00e9cologiques du Groupe d&rsquo;acoustique de l&rsquo;Universit\u00e9 de Sherbrooke (GaUS).\u00a0 Notre mission est de former des personnels de recherche hautement qualifi\u00e9s (PHQ) et d&rsquo;\u00eatre des acteurs de recherche de premier plan dans le d\u00e9veloppement de nouvelles connaissances et technologies sur les m\u00e9tamat\u00e9riaux acoustiques et sur les mat\u00e9riaux acoustiques \u00e9cologiques.\u00a0 \u00a0Notre mission vise \u00e0 avoir une incidence importante sur quatre volets: (1) la caract\u00e9risation; (2) la mod\u00e9lisation, (3) la conception et (4) l&rsquo;application, incluant le transfert technologique. Le volet caract\u00e9risation vise \u00e0 d\u00e9velopper de nouvelles m\u00e9thodes et technologies permettant une<\/p>\n<a class=\"more-link\" rel=\"nofollow\" href=\"https:\/\/ema.recherche.usherbrooke.ca\/\">[En savoir plus...]<\/a>","protected":false},"author":1,"featured_media":0,"parent":0,"menu_order":0,"comment_status":"closed","ping_status":"closed","template":"","meta":{"footnotes":""},"class_list":["post-5","page","type-page","status-publish","hentry"],"_links":{"self":[{"href":"https:\/\/ema.recherche.usherbrooke.ca\/index.php?rest_route=\/wp\/v2\/pages\/5","targetHints":{"allow":["GET"]}}],"collection":[{"href":"https:\/\/ema.recherche.usherbrooke.ca\/index.php?rest_route=\/wp\/v2\/pages"}],"about":[{"href":"https:\/\/ema.recherche.usherbrooke.ca\/index.php?rest_route=\/wp\/v2\/types\/page"}],"author":[{"embeddable":true,"href":"https:\/\/ema.recherche.usherbrooke.ca\/index.php?rest_route=\/wp\/v2\/users\/1"}],"replies":[{"embeddable":true,"href":"https:\/\/ema.recherche.usherbrooke.ca\/index.php?rest_route=%2Fwp%2Fv2%2Fcomments&post=5"}],"version-history":[{"count":33,"href":"https:\/\/ema.recherche.usherbrooke.ca\/index.php?rest_route=\/wp\/v2\/pages\/5\/revisions"}],"predecessor-version":[{"id":742,"href":"https:\/\/ema.recherche.usherbrooke.ca\/index.php?rest_route=\/wp\/v2\/pages\/5\/revisions\/742"}],"wp:attachment":[{"href":"https:\/\/ema.recherche.usherbrooke.ca\/index.php?rest_route=%2Fwp%2Fv2%2Fmedia&parent=5"}],"curies":[{"name":"wp","href":"https:\/\/api.w.org\/{rel}","templated":true}]}}